{"id":11573,"date":"2025-02-27T17:48:45","date_gmt":"2025-02-27T17:48:45","guid":{"rendered":"https:\/\/ismb1.ro\/?page_id=11573"},"modified":"2026-03-11T11:04:03","modified_gmt":"2026-03-11T09:04:03","slug":"invatamant-primar","status":"publish","type":"page","link":"https:\/\/ismb1.ro\/en\/invatamant-primar\/","title":{"rendered":"\u00cenv\u0103\u021b\u0103m\u00e2nt primar"},"content":{"rendered":"<div data-elementor-type=\"wp-page\" data-elementor-id=\"11573\" class=\"elementor elementor-11573\">\n\t\t\t\t<div class=\"elementor-element elementor-element-d213616 e-flex e-con-boxed e-con e-parent\" data-id=\"d213616\" data-element_type=\"container\">\n\t\t\t\t\t<div class=\"e-con-inner\">\n\t\t\t\t<div class=\"elementor-element elementor-element-0df7fe0 elementor-widget elementor-widget-image\" data-id=\"0df7fe0\" data-element_type=\"widget\" data-widget_type=\"image.default\">\n\t\t\t\t<div class=\"elementor-widget-container\">\n\t\t\t\t\t\t\t\t\t\t\t\t\t\t\t<img fetchpriority=\"high\" decoding=\"async\" width=\"1024\" height=\"683\" src=\"https:\/\/ismb1.ro\/wp-content\/uploads\/2025\/02\/Elena-Vacarescu-laborator-1.jpg\" class=\"attachment-full size-full wp-image-11574\" alt=\"\u0218coala Gimnazial\u0103 Elena V\u0103c\u0103rescu - laborator de \u0219tiin\u021be\" \/>\t\t\t\t\t\t\t\t\t\t\t\t\t\t\t<\/div>\n\t\t\t\t<\/div>\n\t\t\t\t\t<\/div>\n\t\t\t\t<\/div>\n\t\t<div class=\"elementor-element elementor-element-e15cadb e-flex e-con-boxed e-con e-parent\" data-id=\"e15cadb\" data-element_type=\"container\">\n\t\t\t\t\t<div class=\"e-con-inner\">\n\t\t\t\t<div class=\"elementor-element elementor-element-e2c6d3d elementor-widget elementor-widget-shortcode\" data-id=\"e2c6d3d\" data-element_type=\"widget\" data-widget_type=\"shortcode.default\">\n\t\t\t\t<div class=\"elementor-widget-container\">\n\t\t\t\t\t\t\t<div class=\"elementor-shortcode\"><div class=\"_df_book df-lite\" id=\"df_12584\"  _slug=\"calendarul-inscrierii-la-invatamantul-primar-2026-2027\" data-title=\"calendarul-inscrierii-la-invatamantul-primar-2026-2027\" wpoptions=\"true\" thumbtype=\"\" ><\/div><script class=\"df-shortcode-script\" nowprocket type=\"application\/javascript\">window.option_df_12584 = {\"outline\":[],\"autoEnableOutline\":\"false\",\"autoEnableThumbnail\":\"false\",\"overwritePDFOutline\":\"false\",\"direction\":\"1\",\"pageSize\":\"0\",\"source\":\"https:\\\/\\\/ismb1.ro\\\/wp-content\\\/uploads\\\/2026\\\/03\\\/Calendarul_inscrierii_invatamantul_primar_2026_2027-1.pdf\",\"wpOptions\":\"true\"}; if(window.DFLIP && window.DFLIP.parseBooks){window.DFLIP.parseBooks();}<\/script><\/div>\n\t\t\t\t\t\t<\/div>\n\t\t\t\t<\/div>\n\t\t\t\t\t<\/div>\n\t\t\t\t<\/div>\n\t\t<div class=\"elementor-element elementor-element-6f5116e e-flex e-con-boxed e-con e-parent\" data-id=\"6f5116e\" data-element_type=\"container\">\n\t\t\t\t\t<div class=\"e-con-inner\">\n\t\t\t\t<div class=\"elementor-element elementor-element-57e1d01 elementor-widget elementor-widget-shortcode\" data-id=\"57e1d01\" data-element_type=\"widget\" data-widget_type=\"shortcode.default\">\n\t\t\t\t<div class=\"elementor-widget-container\">\n\t\t\t\t\t\t\t<div class=\"elementor-shortcode\"><div class=\"_df_book df-lite\" id=\"df_11575\"  _slug=\"11575\" data-title=\"\" wpoptions=\"true\" thumbtype=\"\" ><\/div><script class=\"df-shortcode-script\" nowprocket type=\"application\/javascript\">window.option_df_11575 = {\"outline\":[],\"autoEnableOutline\":\"false\",\"autoEnableThumbnail\":\"false\",\"overwritePDFOutline\":\"false\",\"direction\":\"1\",\"pageSize\":\"0\",\"source\":\"https:\\\/\\\/ismb1.ro\\\/wp-content\\\/uploads\\\/2025\\\/02\\\/OME_6583_2024_rapoartelor-descriptive-de-evaluare_clasa_Pregatitoare_clasa_I.pdf\",\"wpOptions\":\"true\"}; if(window.DFLIP && window.DFLIP.parseBooks){window.DFLIP.parseBooks();}<\/script><\/div>\n\t\t\t\t\t\t<\/div>\n\t\t\t\t<\/div>\n\t\t\t\t\t<\/div>\n\t\t\t\t<\/div>\n\t\t<div class=\"elementor-element elementor-element-a71e5a5 e-flex e-con-boxed e-con e-parent\" data-id=\"a71e5a5\" data-element_type=\"container\">\n\t\t\t\t\t<div class=\"e-con-inner\">\n\t\t\t\t<div class=\"elementor-element elementor-element-1c5ae8c elementor-widget elementor-widget-button\" data-id=\"1c5ae8c\" data-element_type=\"widget\" data-widget_type=\"button.default\">\n\t\t\t\t<div class=\"elementor-widget-container\">\n\t\t\t\t\t\t\t\t\t<div class=\"elementor-button-wrapper\">\n\t\t\t\t\t<a class=\"elementor-button elementor-button-link elementor-size-sm\" href=\"https:\/\/ismb1.ro\/wp-content\/uploads\/2025\/03\/OMEC-3435-OMEC-3436-INSCRIERE-GRADINITA-INV-PRIMAR.pdf\" target=\"_blank\">\n\t\t\t\t\t\t<span class=\"elementor-button-content-wrapper\">\n\t\t\t\t\t\t\t\t\t<span class=\"elementor-button-text\">OMEC 3435\/3436 \u00censcriere Gr\u0103dini\u021b\u0103 \u0219i \u00cenv\u0103\u021b\u0103m\u00e2nt Primar<\/span>\n\t\t\t\t\t<\/span>\n\t\t\t\t\t<\/a>\n\t\t\t\t<\/div>\n\t\t\t\t\t\t\t\t<\/div>\n\t\t\t\t<\/div>\n\t\t<div class=\"elementor-element elementor-element-9e8eaea e-con-full e-flex e-con e-child\" data-id=\"9e8eaea\" data-element_type=\"container\">\n\t\t<div class=\"elementor-element elementor-element-27a8149 e-con-full e-flex e-con e-child\" data-id=\"27a8149\" data-element_type=\"container\">\n\t\t<div class=\"elementor-element elementor-element-29eec9f e-con-full e-flex e-con e-child\" data-id=\"29eec9f\" data-element_type=\"container\">\n\t\t\t\t<div class=\"elementor-element elementor-element-b7f9297 elementor-widget elementor-widget-image\" data-id=\"b7f9297\" data-element_type=\"widget\" data-widget_type=\"image.default\">\n\t\t\t\t<div class=\"elementor-widget-container\">\n\t\t\t\t\t\t\t\t\t\t\t\t\t\t\t<img decoding=\"async\" width=\"800\" height=\"534\" src=\"https:\/\/ismb1.ro\/wp-content\/uploads\/2025\/03\/Petre-Ispirescu-.jpg\" class=\"attachment-full size-full wp-image-12103\" alt=\"\u0218coala Gimnazial\u0103 Petre Ispirescu\" \/>\t\t\t\t\t\t\t\t\t\t\t\t\t\t\t<\/div>\n\t\t\t\t<\/div>\n\t\t<div class=\"elementor-element elementor-element-2facc36 e-con-full e-flex e-con e-child\" data-id=\"2facc36\" data-element_type=\"container\">\n\t\t\t\t<div class=\"elementor-element elementor-element-6b302de elementor-widget elementor-widget-image\" data-id=\"6b302de\" data-element_type=\"widget\" data-widget_type=\"image.default\">\n\t\t\t\t<div class=\"elementor-widget-container\">\n\t\t\t\t\t\t\t\t\t\t\t\t\t\t\t<img decoding=\"async\" width=\"1536\" height=\"2048\" src=\"https:\/\/ismb1.ro\/wp-content\/uploads\/2025\/03\/WhatsApp-Image-2025-01-28-at-5.11.12-PM-7.jpeg\" class=\"attachment-full size-full wp-image-12092\" alt=\"\u0218coala Gimnazial\u0103 nr. 183 - sal\u0103 de clas\u0103\" \/>\t\t\t\t\t\t\t\t\t\t\t\t\t\t\t<\/div>\n\t\t\t\t<\/div>\n\t\t\t\t<\/div>\n\t\t\t\t<div class=\"elementor-element elementor-element-6e260bb elementor-widget elementor-widget-image\" data-id=\"6e260bb\" data-element_type=\"widget\" data-widget_type=\"image.default\">\n\t\t\t\t<div class=\"elementor-widget-container\">\n\t\t\t\t\t\t\t\t\t\t\t\t\t\t\t<img loading=\"lazy\" decoding=\"async\" width=\"2560\" height=\"1920\" src=\"https:\/\/ismb1.ro\/wp-content\/uploads\/2025\/03\/Sc-gim-nr-183-biblioteca-scaled.jpg\" class=\"attachment-full size-full wp-image-12096\" alt=\"\u0218coala Gimnazial\u0103 nr. 183 - bibliotec\u0103\" \/>\t\t\t\t\t\t\t\t\t\t\t\t\t\t\t<\/div>\n\t\t\t\t<\/div>\n\t\t\t\t<\/div>\n\t\t<div class=\"elementor-element elementor-element-58db860 e-con-full e-flex e-con e-child\" data-id=\"58db860\" data-element_type=\"container\">\n\t\t\t\t<div class=\"elementor-element elementor-element-25814c2 elementor-widget elementor-widget-image\" data-id=\"25814c2\" data-element_type=\"widget\" data-widget_type=\"image.default\">\n\t\t\t\t<div class=\"elementor-widget-container\">\n\t\t\t\t\t\t\t\t\t\t\t\t\t\t\t<img loading=\"lazy\" decoding=\"async\" width=\"960\" height=\"640\" src=\"https:\/\/ismb1.ro\/wp-content\/uploads\/2025\/03\/Pia-Bratianu.png\" class=\"attachment-full size-full wp-image-12095\" alt=\"\u0218coala Gimnazial\u0103 Pia Br\u0103tianu - curte\" \/>\t\t\t\t\t\t\t\t\t\t\t\t\t\t\t<\/div>\n\t\t\t\t<\/div>\n\t\t\t\t<div class=\"elementor-element elementor-element-09cd02e elementor-widget elementor-widget-image\" data-id=\"09cd02e\" data-element_type=\"widget\" data-widget_type=\"image.default\">\n\t\t\t\t<div class=\"elementor-widget-container\">\n\t\t\t\t\t\t\t\t\t\t\t\t\t\t\t<img loading=\"lazy\" decoding=\"async\" width=\"960\" height=\"636\" src=\"https:\/\/ismb1.ro\/wp-content\/uploads\/2025\/03\/Sfintii-Voievozi.jpg\" class=\"attachment-full size-full wp-image-12099\" alt=\"\u0218coala Gimnazial\u0103 Sfin\u021bii Voievozi - curte\" \/>\t\t\t\t\t\t\t\t\t\t\t\t\t\t\t<\/div>\n\t\t\t\t<\/div>\n\t\t\t\t<\/div>\n\t\t<div class=\"elementor-element elementor-element-4826eec e-con-full e-flex e-con e-child\" data-id=\"4826eec\" data-element_type=\"container\">\n\t\t<div class=\"elementor-element elementor-element-285020d e-con-full e-flex e-con e-child\" data-id=\"285020d\" data-element_type=\"container\">\n\t\t\t\t<div class=\"elementor-element elementor-element-3a0f2ab elementor-widget elementor-widget-image\" data-id=\"3a0f2ab\" data-element_type=\"widget\" data-widget_type=\"image.default\">\n\t\t\t\t<div class=\"elementor-widget-container\">\n\t\t\t\t\t\t\t\t\t\t\t\t\t\t\t<img loading=\"lazy\" decoding=\"async\" width=\"2560\" height=\"1920\" src=\"https:\/\/ismb1.ro\/wp-content\/uploads\/2025\/03\/Sc-gim-nr-183-curte-scaled.jpg\" class=\"attachment-full size-full wp-image-12097\" alt=\"\u0218coala Gimnazial\u0103 nr. 183 - curte\" \/>\t\t\t\t\t\t\t\t\t\t\t\t\t\t\t<\/div>\n\t\t\t\t<\/div>\n\t\t\t\t<\/div>\n\t\t\t\t<div class=\"elementor-element elementor-element-8f3c4f3 elementor-widget elementor-widget-image\" data-id=\"8f3c4f3\" data-element_type=\"widget\" data-widget_type=\"image.default\">\n\t\t\t\t<div class=\"elementor-widget-container\">\n\t\t\t\t\t\t\t\t\t\t\t\t\t\t\t<img loading=\"lazy\" decoding=\"async\" width=\"755\" height=\"562\" src=\"https:\/\/ismb1.ro\/wp-content\/uploads\/2025\/03\/scoala-181-bucuresti.jpg\" class=\"attachment-full size-full wp-image-12098\" alt=\"\u0218coala Gimnazial\u0103 nr. 181 - vedere panoramic\u0103\" \/>\t\t\t\t\t\t\t\t\t\t\t\t\t\t\t<\/div>\n\t\t\t\t<\/div>\n\t\t\t\t<\/div>\n\t\t\t\t<\/div>\n\t\t\t\t<\/div>\n\t\t\t\t\t<\/div>\n\t\t\t\t<\/div>\n\t\t\t\t<\/div>","protected":false},"excerpt":{"rendered":"<p>OMEC 3435\/3436 \u00censcriere Gr\u0103dini\u021b\u0103 \u0219i \u00cenv\u0103\u021b\u0103m\u00e2nt Primar<\/p>","protected":false},"author":1,"featured_media":11574,"parent":0,"menu_order":0,"comment_status":"closed","ping_status":"closed","template":"elementor_header_footer","meta":{"pagelayer_contact_templates":[],"_pagelayer_content":"","_EventAllDay":false,"_EventTimezone":"","_EventStartDate":"","_EventEndDate":"","_EventStartDateUTC":"","_EventEndDateUTC":"","_EventShowMap":false,"_EventShowMapLink":false,"_EventURL":"","_EventCost":"","_EventCostDescription":"","_EventCurrencySymbol":"","_EventCurrencyCode":"","_EventCurrencyPosition":"","_EventDateTimeSeparator":"","_EventTimeRangeSeparator":"","_EventOrganizerID":[],"_EventVenueID":[],"_OrganizerEmail":"","_OrganizerPhone":"","_OrganizerWebsite":"","_VenueAddress":"","_VenueCity":"","_VenueCountry":"","_VenueProvince":"","_VenueState":"","_VenueZip":"","_VenuePhone":"","_VenueURL":"","_VenueStateProvince":"","_VenueLat":"","_VenueLng":"","_VenueShowMap":false,"_VenueShowMapLink":false,"footnotes":""},"class_list":["post-11573","page","type-page","status-publish","has-post-thumbnail","hentry"],"aioseo_notices":[],"_links":{"self":[{"href":"https:\/\/ismb1.ro\/en\/wp-json\/wp\/v2\/pages\/11573","targetHints":{"allow":["GET"]}}],"collection":[{"href":"https:\/\/ismb1.ro\/en\/wp-json\/wp\/v2\/pages"}],"about":[{"href":"https:\/\/ismb1.ro\/en\/wp-json\/wp\/v2\/types\/page"}],"author":[{"embeddable":true,"href":"https:\/\/ismb1.ro\/en\/wp-json\/wp\/v2\/users\/1"}],"replies":[{"embeddable":true,"href":"https:\/\/ismb1.ro\/en\/wp-json\/wp\/v2\/comments?post=11573"}],"version-history":[{"count":40,"href":"https:\/\/ismb1.ro\/en\/wp-json\/wp\/v2\/pages\/11573\/revisions"}],"predecessor-version":[{"id":12589,"href":"https:\/\/ismb1.ro\/en\/wp-json\/wp\/v2\/pages\/11573\/revisions\/12589"}],"wp:featuredmedia":[{"embeddable":true,"href":"https:\/\/ismb1.ro\/en\/wp-json\/wp\/v2\/media\/11574"}],"wp:attachment":[{"href":"https:\/\/ismb1.ro\/en\/wp-json\/wp\/v2\/media?parent=11573"}],"curies":[{"name":"wp","href":"https:\/\/api.w.org\/{rel}","templated":true}]}}