{"id":5847,"date":"2024-08-07T11:03:39","date_gmt":"2024-08-07T11:03:39","guid":{"rendered":"https:\/\/wp.themepure.net\/acadia\/?page_id=5847"},"modified":"2025-09-30T08:25:38","modified_gmt":"2025-09-30T06:25:38","slug":"contact","status":"publish","type":"page","link":"https:\/\/ismb1.ro\/en\/contact\/","title":{"rendered":"Contact"},"content":{"rendered":"<div data-elementor-type=\"wp-page\" data-elementor-id=\"5847\" class=\"elementor elementor-5847\">\n\t\t\t\t<div class=\"elementor-element elementor-element-aab136d e-con-full e-flex e-con e-parent\" data-id=\"aab136d\" data-element_type=\"container\">\n\t\t\t\t<div class=\"elementor-element elementor-element-b1bd299 elementor-widget elementor-widget-image\" data-id=\"b1bd299\" data-element_type=\"widget\" data-widget_type=\"image.default\">\n\t\t\t\t<div class=\"elementor-widget-container\">\n\t\t\t\t\t\t\t\t\t\t\t\t\t\t\t<img decoding=\"async\" src=\"https:\/\/ismb1.ro\/wp-content\/uploads\/2025\/03\/WhatsApp-Image-2024-03-08-at-16.34.29-1-1400x475-1.jpeg\" title=\"WhatsApp-Image-2024-03-08-at-16.34.29-1-1400&#215;475\" alt=\"Sediu ISS1 - \u0218coala Gimnazial\u0103 Nicolae Titulescu\" loading=\"lazy\" \/>\t\t\t\t\t\t\t\t\t\t\t\t\t\t\t<\/div>\n\t\t\t\t<\/div>\n\t\t<div class=\"elementor-element elementor-element-82b6c6c e-flex e-con-boxed e-con e-child\" data-id=\"82b6c6c\" data-element_type=\"container\">\n\t\t\t\t\t<div class=\"e-con-inner\">\n\t\t\t\t<div class=\"elementor-element elementor-element-bf4d12b elementor-widget elementor-widget-tp-heading\" data-id=\"bf4d12b\" data-element_type=\"widget\" data-settings=\"{&quot;tp_anima_type&quot;:&quot;fadeInUp&quot;}\" data-widget_type=\"tp-heading.default\">\n\t\t\t\t<div class=\"elementor-widget-container\">\n\t\t\t\t\t\r\n\t\t\r\n\t\t\t<div class=\"tp-section tp-el-section align-box mb-40 wow fadeInUp\" data-wow-duration=\"1.5s\" data-wow-delay=\"0.3s\">\r\n\r\n\t\t\t\t\r\n\t\t\t\t<h2 class=\"tp-section-3-title tp-el-acadia-title tp-hero-2-title tp-el-title\">Contact<\/h2>\r\n\t\t\t\t\t\t\t<\/div>\r\n\r\n\t\t\t\t\t\t<\/div>\n\t\t\t\t<\/div>\n\t\t\t\t<div class=\"elementor-element elementor-element-0c580ae elementor-widget elementor-widget-heading\" data-id=\"0c580ae\" data-element_type=\"widget\" data-widget_type=\"heading.default\">\n\t\t\t\t<div class=\"elementor-widget-container\">\n\t\t\t\t\t<h2 class=\"elementor-heading-title elementor-size-default\"><span style=\"font-size: 25px;\"><b>ADRESA : \u015eoseaua Nicolae Titulescu Nr. 52-54, SECTOR 1,  Bucure\u015fti, 011144<\/span><\/h2>\t\t\t\t<\/div>\n\t\t\t\t<\/div>\n\t\t\t\t<div class=\"elementor-element elementor-element-be218bb elementor-widget elementor-widget-heading\" data-id=\"be218bb\" data-element_type=\"widget\" data-widget_type=\"heading.default\">\n\t\t\t\t<div class=\"elementor-widget-container\">\n\t\t\t\t\t<h2 class=\"elementor-heading-title elementor-size-default\"><h5><br>\n<b>Etaj 1 \u2013 Management Institu\u021bional<\/b><br><\/h5>\n<p>\nTelefon : 021.222.21.60<br>\nProgram :  Luni \u2013 Joi   08.00 \u2013 16.30 <br>\n                   Vineri         08.00 \u2013 14.00<\/p><\/h2>\t\t\t\t<\/div>\n\t\t\t\t<\/div>\n\t\t\t\t<div class=\"elementor-element elementor-element-97f9dd1 elementor-widget elementor-widget-heading\" data-id=\"97f9dd1\" data-element_type=\"widget\" data-widget_type=\"heading.default\">\n\t\t\t\t<div class=\"elementor-widget-container\">\n\t\t\t\t\t<h2 class=\"elementor-heading-title elementor-size-default\">\n<h5><b>Etaj 2 \u2013 Management Resurse Umane<\/b><br><\/h5><p>\n\nTelefon : 0762.738.972<br>\nProgram : \nLuni \u2013 Joi   08.00 \u2013 16.30 <br>\n                   Vineri         08.00 \u2013 14.00<br>\n<\/p><\/h2>\t\t\t\t<\/div>\n\t\t\t\t<\/div>\n\t\t\t\t<div class=\"elementor-element elementor-element-c5a7338 elementor-widget elementor-widget-heading\" data-id=\"c5a7338\" data-element_type=\"widget\" data-widget_type=\"heading.default\">\n\t\t\t\t<div class=\"elementor-widget-container\">\n\t\t\t\t\t<h2 class=\"elementor-heading-title elementor-size-default\"><span style=\"font-size: 20px;\"><b>Eventualele cereri, peti\u021bii, sesiz\u0103ri, etc. se pot depune \u00een original la Compartimentul Registratur\u0103 sau prin e-mail la: office@ismb.ro . <br>\nRegistratura General\u0103 a ISMB se afl\u0103 \u00een Str. Icoanei nr. 19, Sector 2.\n\n<\/h2>\t\t\t\t<\/div>\n\t\t\t\t<\/div>\n\t\t<div class=\"elementor-element elementor-element-cdfd5a8 e-con-full e-flex e-con e-child\" data-id=\"cdfd5a8\" data-element_type=\"container\">\n\t\t\t\t<div class=\"elementor-element elementor-element-6e65fee elementor-widget elementor-widget-image\" data-id=\"6e65fee\" data-element_type=\"widget\" data-widget_type=\"image.default\">\n\t\t\t\t<div class=\"elementor-widget-container\">\n\t\t\t\t\t\t\t\t\t\t\t\t\t\t\t<img fetchpriority=\"high\" decoding=\"async\" width=\"640\" height=\"360\" src=\"https:\/\/ismb1.ro\/wp-content\/uploads\/2025\/02\/Subheading-1920-x-1080-px.png\" class=\"attachment-large size-large wp-image-11694\" alt=\"Logo - ISS1\" \/>\t\t\t\t\t\t\t\t\t\t\t\t\t\t\t<\/div>\n\t\t\t\t<\/div>\n\t\t\t\t<\/div>\n\t\t\t\t\t<\/div>\n\t\t\t\t<\/div>\n\t\t\t\t<\/div>\n\t\t<div class=\"elementor-element elementor-element-9888c5d e-con-full e-flex e-con e-parent\" data-id=\"9888c5d\" data-element_type=\"container\">\n\t\t\t\t<div class=\"elementor-element elementor-element-0c5b697 elementor-widget elementor-widget-google_maps\" data-id=\"0c5b697\" data-element_type=\"widget\" data-widget_type=\"google_maps.default\">\n\t\t\t\t<div class=\"elementor-widget-container\">\n\t\t\t\t\t\t\t<div class=\"elementor-custom-embed\">\n\t\t\t<iframe loading=\"lazy\"\n\t\t\t\t\tsrc=\"https:\/\/maps.google.com\/maps?q=%C5%9Eoseaua%20Nicolae%20Titulescu%20Nr.%2052-54%2C%20SECTOR%201%2C%20%20Bucure%C5%9Fti%2C%20011144&#038;t=m&#038;z=17&#038;output=embed&#038;iwloc=near\"\n\t\t\t\t\ttitle=\"\u015eoseaua Nicolae Titulescu Nr. 52-54, SECTOR 1,  Bucure\u015fti, 011144\"\n\t\t\t\t\taria-label=\"\u015eoseaua Nicolae Titulescu Nr. 52-54, SECTOR 1,  Bucure\u015fti, 011144\"\n\t\t\t><\/iframe>\n\t\t<\/div>\n\t\t\t\t\t\t<\/div>\n\t\t\t\t<\/div>\n\t\t\t\t<\/div>\n\t\t\t\t<\/div>","protected":false},"excerpt":{"rendered":"<p>Contact ADRESA : \u015eoseaua Nicolae Titulescu Nr. 52-54, SECTOR 1, Bucure\u015fti, 011144 Etaj 1 \u2013 Management Institu\u021bional Telefon : 021.222.21.60 Program : Luni \u2013 Joi 08.00 \u2013 16.30 Vineri 08.00 [&hellip;]<\/p>","protected":false},"author":1,"featured_media":0,"parent":0,"menu_order":0,"comment_status":"closed","ping_status":"closed","template":"elementor_header_footer","meta":{"pagelayer_contact_templates":[],"_pagelayer_content":"","_EventAllDay":false,"_EventTimezone":"","_EventStartDate":"","_EventEndDate":"","_EventStartDateUTC":"","_EventEndDateUTC":"","_EventShowMap":false,"_EventShowMapLink":false,"_EventURL":"","_EventCost":"","_EventCostDescription":"","_EventCurrencySymbol":"","_EventCurrencyCode":"","_EventCurrencyPosition":"","_EventDateTimeSeparator":"","_EventTimeRangeSeparator":"","_EventOrganizerID":[],"_EventVenueID":[],"_OrganizerEmail":"","_OrganizerPhone":"","_OrganizerWebsite":"","_VenueAddress":"","_VenueCity":"","_VenueCountry":"","_VenueProvince":"","_VenueState":"","_VenueZip":"","_VenuePhone":"","_VenueURL":"","_VenueStateProvince":"","_VenueLat":"","_VenueLng":"","_VenueShowMap":false,"_VenueShowMapLink":false,"footnotes":""},"class_list":["post-5847","page","type-page","status-publish","hentry"],"aioseo_notices":[],"_links":{"self":[{"href":"https:\/\/ismb1.ro\/en\/wp-json\/wp\/v2\/pages\/5847","targetHints":{"allow":["GET"]}}],"collection":[{"href":"https:\/\/ismb1.ro\/en\/wp-json\/wp\/v2\/pages"}],"about":[{"href":"https:\/\/ismb1.ro\/en\/wp-json\/wp\/v2\/types\/page"}],"author":[{"embeddable":true,"href":"https:\/\/ismb1.ro\/en\/wp-json\/wp\/v2\/users\/1"}],"replies":[{"embeddable":true,"href":"https:\/\/ismb1.ro\/en\/wp-json\/wp\/v2\/comments?post=5847"}],"version-history":[{"count":73,"href":"https:\/\/ismb1.ro\/en\/wp-json\/wp\/v2\/pages\/5847\/revisions"}],"predecessor-version":[{"id":12529,"href":"https:\/\/ismb1.ro\/en\/wp-json\/wp\/v2\/pages\/5847\/revisions\/12529"}],"wp:attachment":[{"href":"https:\/\/ismb1.ro\/en\/wp-json\/wp\/v2\/media?parent=5847"}],"curies":[{"name":"wp","href":"https:\/\/api.w.org\/{rel}","templated":true}]}}